{"id":2339,"date":"2024-09-09T21:55:27","date_gmt":"2024-09-09T21:55:27","guid":{"rendered":"https:\/\/institutoyarandu.org.br\/?page_id=2339"},"modified":"2024-10-04T21:00:04","modified_gmt":"2024-10-04T21:00:04","slug":"aqua-nave-es","status":"publish","type":"page","link":"https:\/\/institutoyarandu.org.br\/es\/iniciativas\/aqua-nave-es\/","title":{"rendered":"Aqua Nave"},"content":{"rendered":"<div id=\"cs-content\" class=\"cs-content\"><div class=\"x-section e2339-e1 m1sz-0\"><div class=\"x-bg\" aria-hidden=\"true\"><div class=\"x-bg-layer-lower-image\"><\/div><\/div><div class=\"x-row x-container max width e2339-e2 m1sz-3 m1sz-4\"><div class=\"x-row-inner\"><div class=\"x-col e2339-e3 m1sz-5 m1sz-6\"><div class=\"x-text x-text-headline e2339-e4 m1sz-7 m1sz-1 x-effect-exit\" data-x-effect=\"{&quot;scroll&quot;:true,&quot;offsetTop&quot;:&quot;10%&quot;,&quot;offsetBottom&quot;:&quot;10%&quot;,&quot;behaviorScroll&quot;:&quot;fire-once&quot;,&quot;animationEnter&quot;:&quot;fadeInLeft&quot;,&quot;animationExit&quot;:&quot;rollOut&quot;}\"><div class=\"x-text-content\"><div class=\"x-text-content-text\"><h2 class=\"x-text-content-text-primary\">Aqua Nave<\/h2>\n<\/div><\/div><\/div><div class=\"x-text x-content e2339-e5 m1sz-8 m1sz-1 x-effect-exit\" data-x-effect=\"{&quot;scroll&quot;:true,&quot;offsetTop&quot;:&quot;10%&quot;,&quot;offsetBottom&quot;:&quot;10%&quot;,&quot;behaviorScroll&quot;:&quot;fire-once&quot;,&quot;animationEnter&quot;:&quot;fadeInLeft&quot;,&quot;animationExit&quot;:&quot;wobble&quot;}\"><p>El proyecto Aqua Nave, una colaboraci&oacute;n pionera entre Igu&aacute; Saneamento y el Instituto Yarandu, en alianza con Green Nation, estuvo presente en la Bienal del Libro de R&iacute;o de Janeiro con una propuesta educativa e interactiva. La iniciativa present&oacute; un autob&uacute;s tem&aacute;tico, dise&ntilde;ado como una nave espacial, donde los visitantes pudieron embarcarse en un viaje inmersivo de realidad virtual. Esta experiencia innovadora, divertida e interactiva, tiene como objetivo educar a los participantes sobre la importancia del saneamiento b&aacute;sico y promover la adopci&oacute;n de pr&aacute;cticas sostenibles.<\/p>\n<p>Durante la experiencia, los visitantes son recibidos por la tripulaci&oacute;n de Aqua Nave y se acomodan en asientos especiales dentro del veh&iacute;culo. Equipados con gafas de realidad virtual, emprenden un viaje digital que los lleva a sobrevolar un r&iacute;o simulado. Durante este viaje virtual, se presentan diversas situaciones que incitan a reflexionar sobre temas cruciales como el uso responsable del agua, el tratamiento adecuado de las aguas residuales, la importancia del reciclaje y la conservaci&oacute;n del medio ambiente, as&iacute; como los riesgos relacionados con las aguas estancadas y la eliminaci&oacute;n incorrecta de residuos.<\/p>\n<p>La inversi&oacute;n de Igu&aacute; y del Instituto Yarandu en este proyecto refleja su compromiso de inspirar al p&uacute;blico para que adopte comportamientos conscientes y practique acciones sostenibles en su vida cotidiana. Con un impacto significativo, el proyecto Aqua Nave lleg&oacute; a 9,220 participantes durante la Bienal del Libro de R&iacute;o de Janeiro, celebrada del 1 al 10 de septiembre de 2023. Despu&eacute;s de este evento, el proyecto continu&oacute; su recorrido por Brasil, ampliando su influencia y alcance en colaboraci&oacute;n con otras organizaciones comprometidas.<\/p><\/div><hr class=\"x-line e2339-e6 m1sz-9 m1sz-a\"\/><\/div><div class=\"x-col e2339-e7 m1sz-5\"><hr class=\"x-line e2339-e8 m1sz-a m1sz-b\"\/><div class=\"x-frame x-frame-video-embed e2339-e9 m1sz-d m1sz-e\"><div class=\"x-frame-inner\"><div class=\"x-video x-video-embed\"><div class=\"x-resp-embed x-is-video x-is-youtube\"><iframe loading=\"lazy\" title=\"Igu\u00e1 Rio | Aqua Nave na Bienal: educa\u00e7\u00e3o sobre saneamento e sustentabilidade + realidade virtual\" width=\"1184\" height=\"666\" src=\"https:\/\/www.youtube.com\/embed\/F0iueURgAm4?feature=oembed\" frameborder=\"0\" allow=\"accelerometer; autoplay; clipboard-write; encrypted-media; gyroscope; picture-in-picture; web-share\" referrerpolicy=\"strict-origin-when-cross-origin\" allowfullscreen><\/iframe><\/div><\/div><\/div><\/div><div class=\"x-div e2339-e10 m1sz-f m1sz-g m1sz-h\"><hr class=\"x-line e2339-e11 m1sz-a m1sz-c\"\/><span class=\"x-image e2339-e12 m1sz-l\"><img decoding=\"async\" src=\"https:\/\/institutoyarandu.org.br\/wp-content\/uploads\/2023\/12\/aqua_nave_4-scaled.jpg\" width=\"1280\" height=\"854\" alt=\"Image\" loading=\"lazy\"><\/span><\/div><div class=\"x-div e2339-e13 m1sz-f m1sz-g m1sz-h\"><div class=\"x-div e2339-e14 m1sz-f m1sz-g m1sz-h\"><hr class=\"x-line e2339-e15 m1sz-a m1sz-c\"\/><div class=\"x-slide-container-viewport is-loading e2339-e16 m1sz-m\" data-x-slide-container=\"{&quot;keyboardNavigation&quot;:true,&quot;startingSlide&quot;:1,&quot;enter&quot;:&quot;fade&quot;,&quot;exit&quot;:&quot;fade&quot;,&quot;swipe&quot;:&quot;&quot;,&quot;stacked&quot;:true}\"><div class=\"x-slide-container-content x-container max width\"><div class=\"x-slide-container is-stacked\"><div class=\"x-slide e2339-e17 m1sz-n m1sz-o\" data-x-slide=\"\"><span class=\"x-image e2339-e18 m1sz-l\"><img decoding=\"async\" src=\"https:\/\/institutoyarandu.org.br\/wp-content\/uploads\/2023\/12\/aqua_nave_2-scaled.jpg\" width=\"1280\" height=\"854\" alt=\"Image\" loading=\"lazy\"><\/span><\/div><div class=\"x-slide e2339-e19 m1sz-n m1sz-o\" data-x-slide=\"\"><span class=\"x-image e2339-e20 m1sz-l\"><img decoding=\"async\" src=\"https:\/\/institutoyarandu.org.br\/wp-content\/uploads\/2023\/12\/aqua_nave_3-scaled.jpg\" width=\"1280\" height=\"854\" alt=\"Image\" loading=\"lazy\"><\/span><\/div><div class=\"x-slide e2339-e21 m1sz-n m1sz-o\" data-x-slide=\"\"><span class=\"x-image e2339-e22 m1sz-l\"><img decoding=\"async\" src=\"https:\/\/institutoyarandu.org.br\/wp-content\/uploads\/2023\/12\/aqua_nave_1-scaled.jpg\" width=\"1280\" height=\"854\" alt=\"Image\" loading=\"lazy\"><\/span><\/div><div class=\"x-slide e2339-e23 m1sz-n m1sz-p\" data-x-slide=\"\"><span class=\"x-image e2339-e24 m1sz-l\"><img decoding=\"async\" src=\"https:\/\/institutoyarandu.org.br\/wp-content\/uploads\/2023\/12\/aqua_nave_5-scaled.jpg\" width=\"1280\" height=\"854\" alt=\"Image\" loading=\"lazy\"><\/span><\/div><div class=\"x-slide e2339-e25 m1sz-n m1sz-p\" data-x-slide=\"\"><span class=\"x-image e2339-e26 m1sz-l\"><img decoding=\"async\" src=\"https:\/\/institutoyarandu.org.br\/wp-content\/uploads\/2023\/12\/aqua_nave_6-scaled.jpg\" width=\"1280\" height=\"854\" alt=\"Image\" loading=\"lazy\"><\/span><\/div><div class=\"x-slide e2339-e27 m1sz-n m1sz-p\" data-x-slide=\"\"><span class=\"x-image e2339-e28 m1sz-l\"><img decoding=\"async\" src=\"https:\/\/institutoyarandu.org.br\/wp-content\/uploads\/2023\/12\/aqua_nave_7-scaled.jpg\" width=\"1280\" height=\"854\" alt=\"Image\" loading=\"lazy\"><\/span><\/div><\/div><\/div><\/div><div class=\"x-div e2339-e29 m1sz-f m1sz-g m1sz-i m1sz-j m1sz-2\"><a class=\"x-div e2339-e30 m1sz-f m1sz-h m1sz-i m1sz-k\" href=\"#prev\" data-x-effect-provider=\"colors particles effects\" data-x-slide-prev=\"\"><i class=\"x-icon e2339-e31 m1sz-q\" aria-hidden=\"true\" data-x-icon-o=\"&#xf060;\"><\/i><\/a><a class=\"x-div e2339-e32 m1sz-f m1sz-h m1sz-i m1sz-k\" href=\"#next\" data-x-effect-provider=\"colors particles effects\" data-x-slide-next=\"\"><i class=\"x-icon e2339-e33 m1sz-q\" aria-hidden=\"true\" data-x-icon-o=\"&#xf061;\"><\/i><\/a><\/div><\/div><ul class=\"x-slide-pagination is-row e2339-e34 m1sz-r\" data-x-slide-pagination=\"\"><\/ul><\/div><hr class=\"x-line e2339-e35 m1sz-9 m1sz-a\"\/><\/div><\/div><\/div><\/div><\/div>\n","protected":false},"excerpt":{"rendered":"<p>Aqua Nave El proyecto Aqua Nave, una colaboraci&oacute;n pionera entre Igu&aacute; Saneamento y el Instituto Yarandu, en alianza con Green Nation, estuvo presente en la Bienal del Libro de R&iacute;o de Janeiro con una propuesta educativa e interactiva. La iniciativa present&oacute; un autob&uacute;s tem&aacute;tico, dise&ntilde;ado como una nave espacial, donde los visitantes pudieron embarcarse en un viaje inmersivo de realidad &#8230; <a href=\"https:\/\/institutoyarandu.org.br\/es\/iniciativas\/aqua-nave-es\/\" class=\"more-link\">Read More<\/a><\/p>\n","protected":false},"author":2,"featured_media":0,"parent":1644,"menu_order":0,"comment_status":"closed","ping_status":"closed","template":"","meta":{"inline_featured_image":false,"footnotes":""},"class_list":["post-2339","page","type-page","status-publish","hentry","no-post-thumbnail"],"yoast_head":"<!-- This site is optimized with the Yoast SEO plugin v27.4 - https:\/\/yoast.com\/product\/yoast-seo-wordpress\/ -->\n<title>Aqua Nave - Instituto Yarandu<\/title>\n<meta name=\"robots\" content=\"index, follow, max-snippet:-1, max-image-preview:large, max-video-preview:-1\" \/>\n<link rel=\"canonical\" href=\"https:\/\/institutoyarandu.org.br\/es\/iniciativas\/aqua-nave-es\/\" \/>\n<meta property=\"og:locale\" content=\"es_ES\" \/>\n<meta property=\"og:type\" content=\"article\" \/>\n<meta property=\"og:title\" content=\"Aqua Nave - Instituto Yarandu\" \/>\n<meta property=\"og:description\" content=\"Aqua Nave El proyecto Aqua Nave, una colaboraci&oacute;n pionera entre Igu&aacute; Saneamento y el Instituto Yarandu, en alianza con Green Nation, estuvo presente en la Bienal del Libro de R&iacute;o de Janeiro con una propuesta educativa e interactiva. La iniciativa present&oacute; un autob&uacute;s tem&aacute;tico, dise&ntilde;ado como una nave espacial, donde los visitantes pudieron embarcarse en un viaje inmersivo de realidad ... Read More\" \/>\n<meta property=\"og:url\" content=\"https:\/\/institutoyarandu.org.br\/es\/iniciativas\/aqua-nave-es\/\" \/>\n<meta property=\"og:site_name\" content=\"Instituto Yarandu\" \/>\n<meta property=\"article:publisher\" content=\"https:\/\/web.facebook.com\/institutoyarandu\" \/>\n<meta property=\"article:modified_time\" content=\"2024-10-04T21:00:04+00:00\" \/>\n<meta name=\"twitter:card\" content=\"summary_large_image\" \/>\n<meta name=\"twitter:label1\" content=\"Tiempo de lectura\" \/>\n\t<meta name=\"twitter:data1\" content=\"3 minutos\" \/>\n<script type=\"application\/ld+json\" class=\"yoast-schema-graph\">{\"@context\":\"https:\\\/\\\/schema.org\",\"@graph\":[{\"@type\":\"WebPage\",\"@id\":\"https:\\\/\\\/institutoyarandu.org.br\\\/es\\\/iniciativas\\\/aqua-nave-es\\\/\",\"url\":\"https:\\\/\\\/institutoyarandu.org.br\\\/es\\\/iniciativas\\\/aqua-nave-es\\\/\",\"name\":\"Aqua Nave - Instituto Yarandu\",\"isPartOf\":{\"@id\":\"https:\\\/\\\/institutoyarandu.org.br\\\/es\\\/#website\"},\"datePublished\":\"2024-09-09T21:55:27+00:00\",\"dateModified\":\"2024-10-04T21:00:04+00:00\",\"breadcrumb\":{\"@id\":\"https:\\\/\\\/institutoyarandu.org.br\\\/es\\\/iniciativas\\\/aqua-nave-es\\\/#breadcrumb\"},\"inLanguage\":\"es\",\"potentialAction\":[{\"@type\":\"ReadAction\",\"target\":[\"https:\\\/\\\/institutoyarandu.org.br\\\/es\\\/iniciativas\\\/aqua-nave-es\\\/\"]}]},{\"@type\":\"BreadcrumbList\",\"@id\":\"https:\\\/\\\/institutoyarandu.org.br\\\/es\\\/iniciativas\\\/aqua-nave-es\\\/#breadcrumb\",\"itemListElement\":[{\"@type\":\"ListItem\",\"position\":1,\"name\":\"Home\",\"item\":\"https:\\\/\\\/institutoyarandu.org.br\\\/es\\\/homepage-es\\\/\"},{\"@type\":\"ListItem\",\"position\":2,\"name\":\"Iniciativas\",\"item\":\"https:\\\/\\\/institutoyarandu.org.br\\\/es\\\/iniciativas\\\/\"},{\"@type\":\"ListItem\",\"position\":3,\"name\":\"Aqua Nave\"}]},{\"@type\":\"WebSite\",\"@id\":\"https:\\\/\\\/institutoyarandu.org.br\\\/es\\\/#website\",\"url\":\"https:\\\/\\\/institutoyarandu.org.br\\\/es\\\/\",\"name\":\"Instituto Yarandu\",\"description\":\"Inovar, Transformar, Multiplicar\",\"publisher\":{\"@id\":\"https:\\\/\\\/institutoyarandu.org.br\\\/es\\\/#organization\"},\"potentialAction\":[{\"@type\":\"SearchAction\",\"target\":{\"@type\":\"EntryPoint\",\"urlTemplate\":\"https:\\\/\\\/institutoyarandu.org.br\\\/es\\\/?s={search_term_string}\"},\"query-input\":{\"@type\":\"PropertyValueSpecification\",\"valueRequired\":true,\"valueName\":\"search_term_string\"}}],\"inLanguage\":\"es\"},{\"@type\":\"Organization\",\"@id\":\"https:\\\/\\\/institutoyarandu.org.br\\\/es\\\/#organization\",\"name\":\"Instituto Yarandu\",\"url\":\"https:\\\/\\\/institutoyarandu.org.br\\\/es\\\/\",\"logo\":{\"@type\":\"ImageObject\",\"inLanguage\":\"es\",\"@id\":\"https:\\\/\\\/institutoyarandu.org.br\\\/es\\\/#\\\/schema\\\/logo\\\/image\\\/\",\"url\":\"https:\\\/\\\/institutoyarandu.org.br\\\/wp-content\\\/uploads\\\/2024\\\/10\\\/yarandu_24_tdm_mobileArtboard-1-2.svg\",\"contentUrl\":\"https:\\\/\\\/institutoyarandu.org.br\\\/wp-content\\\/uploads\\\/2024\\\/10\\\/yarandu_24_tdm_mobileArtboard-1-2.svg\",\"width\":\"1024\",\"height\":\"1024\",\"caption\":\"Instituto Yarandu\"},\"image\":{\"@id\":\"https:\\\/\\\/institutoyarandu.org.br\\\/es\\\/#\\\/schema\\\/logo\\\/image\\\/\"},\"sameAs\":[\"https:\\\/\\\/web.facebook.com\\\/institutoyarandu\",\"https:\\\/\\\/www.instagram.com\\\/institutoyarandu\",\"https:\\\/\\\/www.linkedin.com\\\/company\\\/42897711\"]}]}<\/script>\n<!-- \/ Yoast SEO plugin. -->","yoast_head_json":{"title":"Aqua Nave - Instituto Yarandu","robots":{"index":"index","follow":"follow","max-snippet":"max-snippet:-1","max-image-preview":"max-image-preview:large","max-video-preview":"max-video-preview:-1"},"canonical":"https:\/\/institutoyarandu.org.br\/es\/iniciativas\/aqua-nave-es\/","og_locale":"es_ES","og_type":"article","og_title":"Aqua Nave - Instituto Yarandu","og_description":"Aqua Nave El proyecto Aqua Nave, una colaboraci&oacute;n pionera entre Igu&aacute; Saneamento y el Instituto Yarandu, en alianza con Green Nation, estuvo presente en la Bienal del Libro de R&iacute;o de Janeiro con una propuesta educativa e interactiva. La iniciativa present&oacute; un autob&uacute;s tem&aacute;tico, dise&ntilde;ado como una nave espacial, donde los visitantes pudieron embarcarse en un viaje inmersivo de realidad ... Read More","og_url":"https:\/\/institutoyarandu.org.br\/es\/iniciativas\/aqua-nave-es\/","og_site_name":"Instituto Yarandu","article_publisher":"https:\/\/web.facebook.com\/institutoyarandu","article_modified_time":"2024-10-04T21:00:04+00:00","twitter_card":"summary_large_image","twitter_misc":{"Tiempo de lectura":"3 minutos"},"schema":{"@context":"https:\/\/schema.org","@graph":[{"@type":"WebPage","@id":"https:\/\/institutoyarandu.org.br\/es\/iniciativas\/aqua-nave-es\/","url":"https:\/\/institutoyarandu.org.br\/es\/iniciativas\/aqua-nave-es\/","name":"Aqua Nave - Instituto Yarandu","isPartOf":{"@id":"https:\/\/institutoyarandu.org.br\/es\/#website"},"datePublished":"2024-09-09T21:55:27+00:00","dateModified":"2024-10-04T21:00:04+00:00","breadcrumb":{"@id":"https:\/\/institutoyarandu.org.br\/es\/iniciativas\/aqua-nave-es\/#breadcrumb"},"inLanguage":"es","potentialAction":[{"@type":"ReadAction","target":["https:\/\/institutoyarandu.org.br\/es\/iniciativas\/aqua-nave-es\/"]}]},{"@type":"BreadcrumbList","@id":"https:\/\/institutoyarandu.org.br\/es\/iniciativas\/aqua-nave-es\/#breadcrumb","itemListElement":[{"@type":"ListItem","position":1,"name":"Home","item":"https:\/\/institutoyarandu.org.br\/es\/homepage-es\/"},{"@type":"ListItem","position":2,"name":"Iniciativas","item":"https:\/\/institutoyarandu.org.br\/es\/iniciativas\/"},{"@type":"ListItem","position":3,"name":"Aqua Nave"}]},{"@type":"WebSite","@id":"https:\/\/institutoyarandu.org.br\/es\/#website","url":"https:\/\/institutoyarandu.org.br\/es\/","name":"Instituto Yarandu","description":"Inovar, Transformar, Multiplicar","publisher":{"@id":"https:\/\/institutoyarandu.org.br\/es\/#organization"},"potentialAction":[{"@type":"SearchAction","target":{"@type":"EntryPoint","urlTemplate":"https:\/\/institutoyarandu.org.br\/es\/?s={search_term_string}"},"query-input":{"@type":"PropertyValueSpecification","valueRequired":true,"valueName":"search_term_string"}}],"inLanguage":"es"},{"@type":"Organization","@id":"https:\/\/institutoyarandu.org.br\/es\/#organization","name":"Instituto Yarandu","url":"https:\/\/institutoyarandu.org.br\/es\/","logo":{"@type":"ImageObject","inLanguage":"es","@id":"https:\/\/institutoyarandu.org.br\/es\/#\/schema\/logo\/image\/","url":"https:\/\/institutoyarandu.org.br\/wp-content\/uploads\/2024\/10\/yarandu_24_tdm_mobileArtboard-1-2.svg","contentUrl":"https:\/\/institutoyarandu.org.br\/wp-content\/uploads\/2024\/10\/yarandu_24_tdm_mobileArtboard-1-2.svg","width":"1024","height":"1024","caption":"Instituto Yarandu"},"image":{"@id":"https:\/\/institutoyarandu.org.br\/es\/#\/schema\/logo\/image\/"},"sameAs":["https:\/\/web.facebook.com\/institutoyarandu","https:\/\/www.instagram.com\/institutoyarandu","https:\/\/www.linkedin.com\/company\/42897711"]}]}},"_links":{"self":[{"href":"https:\/\/institutoyarandu.org.br\/es\/wp-json\/wp\/v2\/pages\/2339","targetHints":{"allow":["GET"]}}],"collection":[{"href":"https:\/\/institutoyarandu.org.br\/es\/wp-json\/wp\/v2\/pages"}],"about":[{"href":"https:\/\/institutoyarandu.org.br\/es\/wp-json\/wp\/v2\/types\/page"}],"author":[{"embeddable":true,"href":"https:\/\/institutoyarandu.org.br\/es\/wp-json\/wp\/v2\/users\/2"}],"replies":[{"embeddable":true,"href":"https:\/\/institutoyarandu.org.br\/es\/wp-json\/wp\/v2\/comments?post=2339"}],"version-history":[{"count":0,"href":"https:\/\/institutoyarandu.org.br\/es\/wp-json\/wp\/v2\/pages\/2339\/revisions"}],"up":[{"embeddable":true,"href":"https:\/\/institutoyarandu.org.br\/es\/wp-json\/wp\/v2\/pages\/1644"}],"wp:attachment":[{"href":"https:\/\/institutoyarandu.org.br\/es\/wp-json\/wp\/v2\/media?parent=2339"}],"curies":[{"name":"wp","href":"https:\/\/api.w.org\/{rel}","templated":true}]}}