{"id":2338,"date":"2024-09-09T21:55:27","date_gmt":"2024-09-09T21:55:27","guid":{"rendered":"https:\/\/institutoyarandu.org.br\/?page_id=2338"},"modified":"2024-10-04T21:41:24","modified_gmt":"2024-10-04T21:41:24","slug":"aqua-nave-en","status":"publish","type":"page","link":"https:\/\/institutoyarandu.org.br\/en\/initiatives\/aqua-nave-en\/","title":{"rendered":"Aqua Nave"},"content":{"rendered":"<div id=\"cs-content\" class=\"cs-content\"><div class=\"x-section e2338-e1 m1sy-0\"><div class=\"x-bg\" aria-hidden=\"true\"><div class=\"x-bg-layer-lower-image\"><\/div><\/div><div class=\"x-row x-container max width e2338-e2 m1sy-3 m1sy-4\"><div class=\"x-row-inner\"><div class=\"x-col e2338-e3 m1sy-5 m1sy-6\"><div class=\"x-text x-text-headline e2338-e4 m1sy-7 m1sy-1 x-effect-exit\" data-x-effect=\"{&quot;scroll&quot;:true,&quot;offsetTop&quot;:&quot;10%&quot;,&quot;offsetBottom&quot;:&quot;10%&quot;,&quot;behaviorScroll&quot;:&quot;fire-once&quot;,&quot;animationEnter&quot;:&quot;fadeInLeft&quot;,&quot;animationExit&quot;:&quot;rollOut&quot;}\"><div class=\"x-text-content\"><div class=\"x-text-content-text\"><h2 class=\"x-text-content-text-primary\">Aqua Nave<\/h2>\n<\/div><\/div><\/div><div class=\"x-text x-content e2338-e5 m1sy-8 m1sy-1 x-effect-exit\" data-x-effect=\"{&quot;scroll&quot;:true,&quot;offsetTop&quot;:&quot;10%&quot;,&quot;offsetBottom&quot;:&quot;10%&quot;,&quot;behaviorScroll&quot;:&quot;fire-once&quot;,&quot;animationEnter&quot;:&quot;fadeInLeft&quot;,&quot;animationExit&quot;:&quot;wobble&quot;}\"><p>The Aqua Nave project, a pioneering collaboration between Igu&aacute; Saneamento and Instituto Yarandu, in alliance with Green Nation, was present at the Rio de Janeiro &ldquo;Bienal do Livro&rdquo; with an educational and interactive proposal. The initiative brought a themed bus, stylized as a spaceship, where visitors embark on an immersive virtual reality journey. This innovative experience, both playful and interactive, aims to educate participants about the relevance of basic sanitation and encourage the adoption of sustainable practices.<\/p>\n<p>During the experience, visitors are welcomed by the Aqua Nave crew and accommodated in special seats inside the vehicle. Equipped with virtual reality glasses, they begin a digital journey, flying over a simulated river. During this virtual tour, several situations are presented that stimulate reflections on vital topics, such as the responsible use of water, correct sewage treatment, the importance of recycling and environmental conservation, in addition to the risks associated with stagnant water and inadequate disposal of waste.<\/p>\n<p>The investment of Igu&aacute; and Instituto Yarandu in this project reflects the commitment of the organizations to inspire the adoption of conscious behaviors and to practice sustainable actions in the daily life of the population. With a significant impact, the Aqua Nave project reached 9,220 participants during the Rio de Janeiro &ldquo;Bienal do Livro&rdquo; held from September 1 to 10, 2023. After this event, the project continued its journey through Brazil, expanding its influence and reach in partnership with other engaged organizations.<\/p><\/div><hr class=\"x-line e2338-e6 m1sy-9 m1sy-a\"\/><\/div><div class=\"x-col e2338-e7 m1sy-5\"><hr class=\"x-line e2338-e8 m1sy-a m1sy-b\"\/><div class=\"x-frame x-frame-video-embed e2338-e9 m1sy-d m1sy-e\"><div class=\"x-frame-inner\"><div class=\"x-video x-video-embed\"><div class=\"x-resp-embed x-is-video x-is-youtube\"><iframe loading=\"lazy\" title=\"Igu\u00e1 Rio | Aqua Nave na Bienal: educa\u00e7\u00e3o sobre saneamento e sustentabilidade + realidade virtual\" width=\"1184\" height=\"666\" src=\"https:\/\/www.youtube.com\/embed\/F0iueURgAm4?feature=oembed\" frameborder=\"0\" allow=\"accelerometer; autoplay; clipboard-write; encrypted-media; gyroscope; picture-in-picture; web-share\" referrerpolicy=\"strict-origin-when-cross-origin\" allowfullscreen><\/iframe><\/div><\/div><\/div><\/div><div class=\"x-div e2338-e10 m1sy-f m1sy-g m1sy-h\"><hr class=\"x-line e2338-e11 m1sy-a m1sy-c\"\/><span class=\"x-image e2338-e12 m1sy-l\"><img decoding=\"async\" src=\"https:\/\/institutoyarandu.org.br\/wp-content\/uploads\/2023\/12\/aqua_nave_4-scaled.jpg\" width=\"1280\" height=\"854\" alt=\"Image\" loading=\"lazy\"><\/span><\/div><div class=\"x-div e2338-e13 m1sy-f m1sy-g m1sy-h\"><div class=\"x-div e2338-e14 m1sy-f m1sy-g m1sy-h\"><hr class=\"x-line e2338-e15 m1sy-a m1sy-c\"\/><div class=\"x-slide-container-viewport is-loading e2338-e16 m1sy-m\" data-x-slide-container=\"{&quot;keyboardNavigation&quot;:true,&quot;startingSlide&quot;:1,&quot;enter&quot;:&quot;fade&quot;,&quot;exit&quot;:&quot;fade&quot;,&quot;swipe&quot;:&quot;&quot;,&quot;stacked&quot;:true}\"><div class=\"x-slide-container-content x-container max width\"><div class=\"x-slide-container is-stacked\"><div class=\"x-slide e2338-e17 m1sy-n m1sy-o\" data-x-slide=\"\"><span class=\"x-image e2338-e18 m1sy-l\"><img decoding=\"async\" src=\"https:\/\/institutoyarandu.org.br\/wp-content\/uploads\/2023\/12\/aqua_nave_2-scaled.jpg\" width=\"1280\" height=\"854\" alt=\"Image\" loading=\"lazy\"><\/span><\/div><div class=\"x-slide e2338-e19 m1sy-n m1sy-o\" data-x-slide=\"\"><span class=\"x-image e2338-e20 m1sy-l\"><img decoding=\"async\" src=\"https:\/\/institutoyarandu.org.br\/wp-content\/uploads\/2023\/12\/aqua_nave_3-scaled.jpg\" width=\"1280\" height=\"854\" alt=\"Image\" loading=\"lazy\"><\/span><\/div><div class=\"x-slide e2338-e21 m1sy-n m1sy-o\" data-x-slide=\"\"><span class=\"x-image e2338-e22 m1sy-l\"><img decoding=\"async\" src=\"https:\/\/institutoyarandu.org.br\/wp-content\/uploads\/2023\/12\/aqua_nave_1-scaled.jpg\" width=\"1280\" height=\"854\" alt=\"Image\" loading=\"lazy\"><\/span><\/div><div class=\"x-slide e2338-e23 m1sy-n m1sy-p\" data-x-slide=\"\"><span class=\"x-image e2338-e24 m1sy-l\"><img decoding=\"async\" src=\"https:\/\/institutoyarandu.org.br\/wp-content\/uploads\/2023\/12\/aqua_nave_5-scaled.jpg\" width=\"1280\" height=\"854\" alt=\"Image\" loading=\"lazy\"><\/span><\/div><div class=\"x-slide e2338-e25 m1sy-n m1sy-p\" data-x-slide=\"\"><span class=\"x-image e2338-e26 m1sy-l\"><img decoding=\"async\" src=\"https:\/\/institutoyarandu.org.br\/wp-content\/uploads\/2023\/12\/aqua_nave_6-scaled.jpg\" width=\"1280\" height=\"854\" alt=\"Image\" loading=\"lazy\"><\/span><\/div><div class=\"x-slide e2338-e27 m1sy-n m1sy-p\" data-x-slide=\"\"><span class=\"x-image e2338-e28 m1sy-l\"><img decoding=\"async\" src=\"https:\/\/institutoyarandu.org.br\/wp-content\/uploads\/2023\/12\/aqua_nave_7-scaled.jpg\" width=\"1280\" height=\"854\" alt=\"Image\" loading=\"lazy\"><\/span><\/div><\/div><\/div><\/div><div class=\"x-div e2338-e29 m1sy-f m1sy-g m1sy-i m1sy-j m1sy-2\"><a class=\"x-div e2338-e30 m1sy-f m1sy-h m1sy-i m1sy-k\" href=\"#prev\" data-x-effect-provider=\"colors particles effects\" data-x-slide-prev=\"\"><i class=\"x-icon e2338-e31 m1sy-q\" aria-hidden=\"true\" data-x-icon-o=\"&#xf060;\"><\/i><\/a><a class=\"x-div e2338-e32 m1sy-f m1sy-h m1sy-i m1sy-k\" href=\"#next\" data-x-effect-provider=\"colors particles effects\" data-x-slide-next=\"\"><i class=\"x-icon e2338-e33 m1sy-q\" aria-hidden=\"true\" data-x-icon-o=\"&#xf061;\"><\/i><\/a><\/div><\/div><ul class=\"x-slide-pagination is-row e2338-e34 m1sy-r\" data-x-slide-pagination=\"\"><\/ul><\/div><hr class=\"x-line e2338-e35 m1sy-9 m1sy-a\"\/><\/div><\/div><\/div><\/div><\/div>\n","protected":false},"excerpt":{"rendered":"<p>Aqua Nave The Aqua Nave project, a pioneering collaboration between Igu&aacute; Saneamento and Instituto Yarandu, in alliance with Green Nation, was present at the Rio de Janeiro &ldquo;Bienal do Livro&rdquo; with an educational and interactive proposal. The initiative brought a themed bus, stylized as a spaceship, where visitors embark on an immersive virtual reality journey. This innovative experience, both playful &#8230; <a href=\"https:\/\/institutoyarandu.org.br\/en\/initiatives\/aqua-nave-en\/\" class=\"more-link\">Read More<\/a><\/p>\n","protected":false},"author":2,"featured_media":0,"parent":1462,"menu_order":0,"comment_status":"closed","ping_status":"closed","template":"","meta":{"inline_featured_image":false,"footnotes":""},"class_list":["post-2338","page","type-page","status-publish","hentry","no-post-thumbnail"],"yoast_head":"<!-- This site is optimized with the Yoast SEO plugin v27.5 - https:\/\/yoast.com\/product\/yoast-seo-wordpress\/ -->\n<title>Aqua Nave - Instituto Yarandu<\/title>\n<meta name=\"robots\" content=\"index, follow, max-snippet:-1, max-image-preview:large, max-video-preview:-1\" \/>\n<link rel=\"canonical\" href=\"https:\/\/institutoyarandu.org.br\/en\/initiatives\/aqua-nave-en\/\" \/>\n<meta property=\"og:locale\" content=\"en_US\" \/>\n<meta property=\"og:type\" content=\"article\" \/>\n<meta property=\"og:title\" content=\"Aqua Nave - Instituto Yarandu\" \/>\n<meta property=\"og:description\" content=\"Aqua Nave The Aqua Nave project, a pioneering collaboration between Igu&aacute; Saneamento and Instituto Yarandu, in alliance with Green Nation, was present at the Rio de Janeiro &ldquo;Bienal do Livro&rdquo; with an educational and interactive proposal. The initiative brought a themed bus, stylized as a spaceship, where visitors embark on an immersive virtual reality journey. This innovative experience, both playful ... Read More\" \/>\n<meta property=\"og:url\" content=\"https:\/\/institutoyarandu.org.br\/en\/initiatives\/aqua-nave-en\/\" \/>\n<meta property=\"og:site_name\" content=\"Instituto Yarandu\" \/>\n<meta property=\"article:publisher\" content=\"https:\/\/web.facebook.com\/institutoyarandu\" \/>\n<meta property=\"article:modified_time\" content=\"2024-10-04T21:41:24+00:00\" \/>\n<meta name=\"twitter:card\" content=\"summary_large_image\" \/>\n<meta name=\"twitter:label1\" content=\"Est. reading time\" \/>\n\t<meta name=\"twitter:data1\" content=\"2 minutes\" \/>\n<script type=\"application\/ld+json\" class=\"yoast-schema-graph\">{\"@context\":\"https:\\\/\\\/schema.org\",\"@graph\":[{\"@type\":\"WebPage\",\"@id\":\"https:\\\/\\\/institutoyarandu.org.br\\\/en\\\/initiatives\\\/aqua-nave-en\\\/\",\"url\":\"https:\\\/\\\/institutoyarandu.org.br\\\/en\\\/initiatives\\\/aqua-nave-en\\\/\",\"name\":\"Aqua Nave - Instituto Yarandu\",\"isPartOf\":{\"@id\":\"https:\\\/\\\/institutoyarandu.org.br\\\/en\\\/#website\"},\"datePublished\":\"2024-09-09T21:55:27+00:00\",\"dateModified\":\"2024-10-04T21:41:24+00:00\",\"breadcrumb\":{\"@id\":\"https:\\\/\\\/institutoyarandu.org.br\\\/en\\\/initiatives\\\/aqua-nave-en\\\/#breadcrumb\"},\"inLanguage\":\"en-US\",\"potentialAction\":[{\"@type\":\"ReadAction\",\"target\":[\"https:\\\/\\\/institutoyarandu.org.br\\\/en\\\/initiatives\\\/aqua-nave-en\\\/\"]}]},{\"@type\":\"BreadcrumbList\",\"@id\":\"https:\\\/\\\/institutoyarandu.org.br\\\/en\\\/initiatives\\\/aqua-nave-en\\\/#breadcrumb\",\"itemListElement\":[{\"@type\":\"ListItem\",\"position\":1,\"name\":\"Home\",\"item\":\"https:\\\/\\\/institutoyarandu.org.br\\\/en\\\/homepage-en\\\/\"},{\"@type\":\"ListItem\",\"position\":2,\"name\":\"Initiatives\",\"item\":\"http:\\\/\\\/hmo.a32.mwp.accessdomain.com\\\/en\\\/?page_id=1462\"},{\"@type\":\"ListItem\",\"position\":3,\"name\":\"Aqua Nave\"}]},{\"@type\":\"WebSite\",\"@id\":\"https:\\\/\\\/institutoyarandu.org.br\\\/en\\\/#website\",\"url\":\"https:\\\/\\\/institutoyarandu.org.br\\\/en\\\/\",\"name\":\"Instituto Yarandu\",\"description\":\"Inovar, Transformar, Multiplicar\",\"publisher\":{\"@id\":\"https:\\\/\\\/institutoyarandu.org.br\\\/en\\\/#organization\"},\"potentialAction\":[{\"@type\":\"SearchAction\",\"target\":{\"@type\":\"EntryPoint\",\"urlTemplate\":\"https:\\\/\\\/institutoyarandu.org.br\\\/en\\\/?s={search_term_string}\"},\"query-input\":{\"@type\":\"PropertyValueSpecification\",\"valueRequired\":true,\"valueName\":\"search_term_string\"}}],\"inLanguage\":\"en-US\"},{\"@type\":\"Organization\",\"@id\":\"https:\\\/\\\/institutoyarandu.org.br\\\/en\\\/#organization\",\"name\":\"Instituto Yarandu\",\"url\":\"https:\\\/\\\/institutoyarandu.org.br\\\/en\\\/\",\"logo\":{\"@type\":\"ImageObject\",\"inLanguage\":\"en-US\",\"@id\":\"https:\\\/\\\/institutoyarandu.org.br\\\/en\\\/#\\\/schema\\\/logo\\\/image\\\/\",\"url\":\"https:\\\/\\\/institutoyarandu.org.br\\\/wp-content\\\/uploads\\\/2024\\\/10\\\/yarandu_24_tdm_mobileArtboard-1-2.svg\",\"contentUrl\":\"https:\\\/\\\/institutoyarandu.org.br\\\/wp-content\\\/uploads\\\/2024\\\/10\\\/yarandu_24_tdm_mobileArtboard-1-2.svg\",\"width\":\"1024\",\"height\":\"1024\",\"caption\":\"Instituto Yarandu\"},\"image\":{\"@id\":\"https:\\\/\\\/institutoyarandu.org.br\\\/en\\\/#\\\/schema\\\/logo\\\/image\\\/\"},\"sameAs\":[\"https:\\\/\\\/web.facebook.com\\\/institutoyarandu\",\"https:\\\/\\\/www.instagram.com\\\/institutoyarandu\",\"https:\\\/\\\/www.linkedin.com\\\/company\\\/42897711\"]}]}<\/script>\n<!-- \/ Yoast SEO plugin. -->","yoast_head_json":{"title":"Aqua Nave - Instituto Yarandu","robots":{"index":"index","follow":"follow","max-snippet":"max-snippet:-1","max-image-preview":"max-image-preview:large","max-video-preview":"max-video-preview:-1"},"canonical":"https:\/\/institutoyarandu.org.br\/en\/initiatives\/aqua-nave-en\/","og_locale":"en_US","og_type":"article","og_title":"Aqua Nave - Instituto Yarandu","og_description":"Aqua Nave The Aqua Nave project, a pioneering collaboration between Igu&aacute; Saneamento and Instituto Yarandu, in alliance with Green Nation, was present at the Rio de Janeiro &ldquo;Bienal do Livro&rdquo; with an educational and interactive proposal. The initiative brought a themed bus, stylized as a spaceship, where visitors embark on an immersive virtual reality journey. This innovative experience, both playful ... Read More","og_url":"https:\/\/institutoyarandu.org.br\/en\/initiatives\/aqua-nave-en\/","og_site_name":"Instituto Yarandu","article_publisher":"https:\/\/web.facebook.com\/institutoyarandu","article_modified_time":"2024-10-04T21:41:24+00:00","twitter_card":"summary_large_image","twitter_misc":{"Est. reading time":"2 minutes"},"schema":{"@context":"https:\/\/schema.org","@graph":[{"@type":"WebPage","@id":"https:\/\/institutoyarandu.org.br\/en\/initiatives\/aqua-nave-en\/","url":"https:\/\/institutoyarandu.org.br\/en\/initiatives\/aqua-nave-en\/","name":"Aqua Nave - Instituto Yarandu","isPartOf":{"@id":"https:\/\/institutoyarandu.org.br\/en\/#website"},"datePublished":"2024-09-09T21:55:27+00:00","dateModified":"2024-10-04T21:41:24+00:00","breadcrumb":{"@id":"https:\/\/institutoyarandu.org.br\/en\/initiatives\/aqua-nave-en\/#breadcrumb"},"inLanguage":"en-US","potentialAction":[{"@type":"ReadAction","target":["https:\/\/institutoyarandu.org.br\/en\/initiatives\/aqua-nave-en\/"]}]},{"@type":"BreadcrumbList","@id":"https:\/\/institutoyarandu.org.br\/en\/initiatives\/aqua-nave-en\/#breadcrumb","itemListElement":[{"@type":"ListItem","position":1,"name":"Home","item":"https:\/\/institutoyarandu.org.br\/en\/homepage-en\/"},{"@type":"ListItem","position":2,"name":"Initiatives","item":"http:\/\/hmo.a32.mwp.accessdomain.com\/en\/?page_id=1462"},{"@type":"ListItem","position":3,"name":"Aqua Nave"}]},{"@type":"WebSite","@id":"https:\/\/institutoyarandu.org.br\/en\/#website","url":"https:\/\/institutoyarandu.org.br\/en\/","name":"Instituto Yarandu","description":"Inovar, Transformar, Multiplicar","publisher":{"@id":"https:\/\/institutoyarandu.org.br\/en\/#organization"},"potentialAction":[{"@type":"SearchAction","target":{"@type":"EntryPoint","urlTemplate":"https:\/\/institutoyarandu.org.br\/en\/?s={search_term_string}"},"query-input":{"@type":"PropertyValueSpecification","valueRequired":true,"valueName":"search_term_string"}}],"inLanguage":"en-US"},{"@type":"Organization","@id":"https:\/\/institutoyarandu.org.br\/en\/#organization","name":"Instituto Yarandu","url":"https:\/\/institutoyarandu.org.br\/en\/","logo":{"@type":"ImageObject","inLanguage":"en-US","@id":"https:\/\/institutoyarandu.org.br\/en\/#\/schema\/logo\/image\/","url":"https:\/\/institutoyarandu.org.br\/wp-content\/uploads\/2024\/10\/yarandu_24_tdm_mobileArtboard-1-2.svg","contentUrl":"https:\/\/institutoyarandu.org.br\/wp-content\/uploads\/2024\/10\/yarandu_24_tdm_mobileArtboard-1-2.svg","width":"1024","height":"1024","caption":"Instituto Yarandu"},"image":{"@id":"https:\/\/institutoyarandu.org.br\/en\/#\/schema\/logo\/image\/"},"sameAs":["https:\/\/web.facebook.com\/institutoyarandu","https:\/\/www.instagram.com\/institutoyarandu","https:\/\/www.linkedin.com\/company\/42897711"]}]}},"_links":{"self":[{"href":"https:\/\/institutoyarandu.org.br\/en\/wp-json\/wp\/v2\/pages\/2338","targetHints":{"allow":["GET"]}}],"collection":[{"href":"https:\/\/institutoyarandu.org.br\/en\/wp-json\/wp\/v2\/pages"}],"about":[{"href":"https:\/\/institutoyarandu.org.br\/en\/wp-json\/wp\/v2\/types\/page"}],"author":[{"embeddable":true,"href":"https:\/\/institutoyarandu.org.br\/en\/wp-json\/wp\/v2\/users\/2"}],"replies":[{"embeddable":true,"href":"https:\/\/institutoyarandu.org.br\/en\/wp-json\/wp\/v2\/comments?post=2338"}],"version-history":[{"count":0,"href":"https:\/\/institutoyarandu.org.br\/en\/wp-json\/wp\/v2\/pages\/2338\/revisions"}],"up":[{"embeddable":true,"href":"https:\/\/institutoyarandu.org.br\/en\/wp-json\/wp\/v2\/pages\/1462"}],"wp:attachment":[{"href":"https:\/\/institutoyarandu.org.br\/en\/wp-json\/wp\/v2\/media?parent=2338"}],"curies":[{"name":"wp","href":"https:\/\/api.w.org\/{rel}","templated":true}]}}